{"id":1402,"date":"2019-08-26T03:58:07","date_gmt":"2019-08-26T03:58:07","guid":{"rendered":"http:\/\/source.wpopal.com\/fundor\/?page_id=1402"},"modified":"2022-03-16T22:17:45","modified_gmt":"2022-03-16T22:17:45","slug":"programa-voluntarios","status":"publish","type":"page","link":"https:\/\/caminosanjose4c.mx\/en\/programa-voluntarios","title":{"rendered":"Volunteer"},"content":{"rendered":"<div data-elementor-type=\"wp-post\" data-elementor-id=\"1402\" class=\"elementor elementor-1402\">\n\t\t\t\t\t\t<section class=\"elementor-section elementor-top-section elementor-element elementor-element-9a0105a elementor-section-full_width elementor-section-height-min-height elementor-section-stretched elementor-section-height-default elementor-section-items-middle\" data-id=\"9a0105a\" data-element_type=\"section\" data-settings=\"{&quot;stretch_section&quot;:&quot;section-stretched&quot;,&quot;background_background&quot;:&quot;classic&quot;}\">\n\t\t\t\t\t\t<div class=\"elementor-container elementor-column-gap-default\">\n\t\t\t\t\t<div class=\"elementor-column elementor-col-100 elementor-top-column elementor-element elementor-element-00dbe4d\" data-id=\"00dbe4d\" data-element_type=\"column\">\n\t\t\t<div class=\"elementor-widget-wrap\">\n\t\t\t\t\t\t\t<\/div>\n\t\t<\/div>\n\t\t\t\t\t<\/div>\n\t\t<\/section>\n\t\t\t\t<section class=\"elementor-section elementor-top-section elementor-element elementor-element-3864f44 elementor-section-boxed elementor-section-height-default elementor-section-height-default\" data-id=\"3864f44\" data-element_type=\"section\">\n\t\t\t\t\t\t<div class=\"elementor-container elementor-column-gap-no\">\n\t\t\t\t\t<div class=\"elementor-column elementor-col-50 elementor-top-column elementor-element elementor-element-b5a8c1d\" data-id=\"b5a8c1d\" data-element_type=\"column\">\n\t\t\t<div class=\"elementor-widget-wrap elementor-element-populated\">\n\t\t\t\t\t\t<div class=\"elementor-element elementor-element-8e1f83f elementor-widget elementor-widget-spacer\" data-id=\"8e1f83f\" data-element_type=\"widget\" data-widget_type=\"spacer.default\">\n\t\t\t\t<div class=\"elementor-widget-container\">\n\t\t\t\t\t<div class=\"elementor-spacer\">\n\t\t\t<div class=\"elementor-spacer-inner\"><\/div>\n\t\t<\/div>\n\t\t\t\t<\/div>\n\t\t\t\t<\/div>\n\t\t\t\t<div class=\"elementor-element elementor-element-fcd0b14 elementor-widget elementor-widget-heading\" data-id=\"fcd0b14\" data-element_type=\"widget\" data-widget_type=\"heading.default\">\n\t\t\t\t<div class=\"elementor-widget-container\">\n\t\t\t<h4 class=\"elementor-heading-title elementor-size-default\">\u00bfQu\u00e9 buscamos?<\/h4>\t\t<\/div>\n\t\t\t\t<\/div>\n\t\t\t\t<div class=\"elementor-element elementor-element-8c4bc80 elementor-widget elementor-widget-text-editor\" data-id=\"8c4bc80\" data-element_type=\"widget\" data-widget_type=\"text-editor.default\">\n\t\t\t\t<div class=\"elementor-widget-container\">\n\t\t\t        <div class=\"elementor-text-editor elementor-clearfix\"><ol><li>Con un perfil de servicio y misi\u00f3n, comprometidos con el proyecto.<\/li><li>Con una mirada centrada en la persona.<\/li><li>Con apertura de mente y coraz\u00f3n para ver la misi\u00f3n desde un \u201ctransformarNOS\u201d<\/li><li>Personas con una urgencia interior por la transformaci\u00f3n del mundo desde los principios de la doctrina social cristiana: Dignidad humana, participaci\u00f3n, subsidiaridad, solidaridad, bien com\u00fan.<\/li><li>J\u00f3venes formados, con la madurez suficiente para poder acompa\u00f1ar.<\/li><li>J\u00f3venes con un perfil profesional.<\/li><\/ol><\/div>\n        \t\t<\/div>\n\t\t\t\t<\/div>\n\t\t\t\t<div class=\"elementor-element elementor-element-2be1b41 elementor-widget elementor-widget-heading\" data-id=\"2be1b41\" data-element_type=\"widget\" data-widget_type=\"heading.default\">\n\t\t\t\t<div class=\"elementor-widget-container\">\n\t\t\t<h4 class=\"elementor-heading-title elementor-size-default\">Requisitos para Voluntarios Individuales<\/h4>\t\t<\/div>\n\t\t\t\t<\/div>\n\t\t\t\t<div class=\"elementor-element elementor-element-85b6223 elementor-widget elementor-widget-icon-list\" data-id=\"85b6223\" data-element_type=\"widget\" data-widget_type=\"icon-list.default\">\n\t\t\t\t<div class=\"elementor-widget-container\">\n\t\t\t        <ul class=\"elementor-icon-list-items\">\n                            <li class=\"elementor-icon-list-item\" >\n                                            <span class=\"elementor-icon-list-icon\">\n\t\t\t\t\t\t\t<i class=\"fa fa-check\" aria-hidden=\"true\"><\/i>\n\t\t\t\t\t\t<\/span>\n                                        <span class=\"elementor-icon-list-text\">Tener mas de 21 a\u00f1os.<\/span>\n                                    <\/li>\n                            <li class=\"elementor-icon-list-item\" >\n                                            <span class=\"elementor-icon-list-icon\">\n\t\t\t\t\t\t\t<i class=\"fa fa-check\" aria-hidden=\"true\"><\/i>\n\t\t\t\t\t\t<\/span>\n                                        <span class=\"elementor-icon-list-text\">Porcentaje de dominio del lenguaje Espa\u00f1ol \/ Ingl\u00e9s.<\/span>\n                                    <\/li>\n                            <li class=\"elementor-icon-list-item\" >\n                                            <span class=\"elementor-icon-list-icon\">\n\t\t\t\t\t\t\t<i class=\"fa fa-check\" aria-hidden=\"true\"><\/i>\n\t\t\t\t\t\t<\/span>\n                                        <span class=\"elementor-icon-list-text\">Valores (tema servicio): Servicio, Unidad, Perseverancia, Esperanza y Responsabilidad<\/span>\n                                    <\/li>\n                    <\/ul>\n        \t\t<\/div>\n\t\t\t\t<\/div>\n\t\t\t\t<div class=\"elementor-element elementor-element-5216df8 elementor-widget elementor-widget-heading\" data-id=\"5216df8\" data-element_type=\"widget\" data-widget_type=\"heading.default\">\n\t\t\t\t<div class=\"elementor-widget-container\">\n\t\t\t<h4 class=\"elementor-heading-title elementor-size-default\">Requisitos para Voluntarios Grupales<\/h4>\t\t<\/div>\n\t\t\t\t<\/div>\n\t\t\t\t<div class=\"elementor-element elementor-element-1a1b8cf elementor-widget elementor-widget-icon-list\" data-id=\"1a1b8cf\" data-element_type=\"widget\" data-widget_type=\"icon-list.default\">\n\t\t\t\t<div class=\"elementor-widget-container\">\n\t\t\t        <ul class=\"elementor-icon-list-items\">\n                            <li class=\"elementor-icon-list-item\" >\n                                            <span class=\"elementor-icon-list-icon\">\n\t\t\t\t\t\t\t<i class=\"fa fa-check\" aria-hidden=\"true\"><\/i>\n\t\t\t\t\t\t<\/span>\n                                        <span class=\"elementor-icon-list-text\">Contar con un chaper\u00f3n mayor de edad por cada 10 voluntarios menores<\/span>\n                                    <\/li>\n                            <li class=\"elementor-icon-list-item\" >\n                                            <span class=\"elementor-icon-list-icon\">\n\t\t\t\t\t\t\t<i class=\"fa fa-check\" aria-hidden=\"true\"><\/i>\n\t\t\t\t\t\t<\/span>\n                                        <span class=\"elementor-icon-list-text\">Formar parte de alg\u00fan grupo, alianza o universidad<\/span>\n                                    <\/li>\n                            <li class=\"elementor-icon-list-item\" >\n                                            <span class=\"elementor-icon-list-icon\">\n\t\t\t\t\t\t\t<i class=\"fa fa-check\" aria-hidden=\"true\"><\/i>\n\t\t\t\t\t\t<\/span>\n                                        <span class=\"elementor-icon-list-text\">Porcentaje de dominio del lenguaje Espa\u00f1ol \/ Ingl\u00e9s.<\/span>\n                                    <\/li>\n                            <li class=\"elementor-icon-list-item\" >\n                                            <span class=\"elementor-icon-list-icon\">\n\t\t\t\t\t\t\t<i class=\"fa fa-check\" aria-hidden=\"true\"><\/i>\n\t\t\t\t\t\t<\/span>\n                                        <span class=\"elementor-icon-list-text\">Reglamento de conducta y de completa responsabilidad de los menores firmado.<\/span>\n                                    <\/li>\n                            <li class=\"elementor-icon-list-item\" >\n                                            <span class=\"elementor-icon-list-icon\">\n\t\t\t\t\t\t\t<i class=\"fa fa-check\" aria-hidden=\"true\"><\/i>\n\t\t\t\t\t\t<\/span>\n                                        <span class=\"elementor-icon-list-text\">Valores (tema servicio): Servicio, Unidad, Perseverancia, Esperanza y Responsabilidad.<\/span>\n                                    <\/li>\n                    <\/ul>\n        \t\t<\/div>\n\t\t\t\t<\/div>\n\t\t\t\t<div class=\"elementor-element elementor-element-ccb834b elementor-widget elementor-widget-spacer\" data-id=\"ccb834b\" data-element_type=\"widget\" data-widget_type=\"spacer.default\">\n\t\t\t\t<div class=\"elementor-widget-container\">\n\t\t\t\t\t<div class=\"elementor-spacer\">\n\t\t\t<div class=\"elementor-spacer-inner\"><\/div>\n\t\t<\/div>\n\t\t\t\t<\/div>\n\t\t\t\t<\/div>\n\t\t\t\t<div class=\"elementor-element elementor-element-c2f88c9 elementor-button-outline_primary elementor-mobile-align-center elementor-widget elementor-widget-button\" data-id=\"c2f88c9\" data-element_type=\"widget\" data-widget_type=\"button.default\">\n\t\t\t\t<div class=\"elementor-widget-container\">\n\t\t\t        <div class=\"elementor-button-wrapper\">\n            <a href=\"https:\/\/forms.monday.com\/forms\/5d7ab3dae90851e8272116bd4a680f6c?r=use1\" class=\"elementor-button-link elementor-button elementor-size-md\" role=\"button\">\n                        <span class=\"elementor-button-content-wrapper\">\n\t\t\t            <span class=\"elementor-button-text\">ENVIAR INFORMACI\u00d3N DE REGISTRO<\/span>\n\t\t<\/span>\n\n\n                <\/a>\n        <\/div>\n        \t\t<\/div>\n\t\t\t\t<\/div>\n\t\t\t\t\t<\/div>\n\t\t<\/div>\n\t\t\t\t<div class=\"elementor-column elementor-col-50 elementor-top-column elementor-element elementor-element-afc9c1d\" data-id=\"afc9c1d\" data-element_type=\"column\">\n\t\t\t<div class=\"elementor-widget-wrap elementor-element-populated\">\n\t\t\t\t\t\t<div class=\"elementor-element elementor-element-fc97ea5 elementor-widget elementor-widget-image\" data-id=\"fc97ea5\" data-element_type=\"widget\" data-widget_type=\"image.default\">\n\t\t\t\t<div class=\"elementor-widget-container\">\n\t\t\t\t\t\t\t\t\t\t\t\t\t<img fetchpriority=\"high\" decoding=\"async\" width=\"600\" height=\"898\" src=\"https:\/\/caminosanjose4c.mx\/wp-content\/uploads\/2022\/02\/RTPlan2040-69-684x1024.jpg\" class=\"attachment-large size-large wp-image-5211\" alt=\"\" srcset=\"https:\/\/caminosanjose4c.mx\/wp-content\/uploads\/2022\/02\/RTPlan2040-69-684x1024.jpg 684w, https:\/\/caminosanjose4c.mx\/wp-content\/uploads\/2022\/02\/RTPlan2040-69-200x300.jpg 200w, https:\/\/caminosanjose4c.mx\/wp-content\/uploads\/2022\/02\/RTPlan2040-69-768x1151.jpg 768w, https:\/\/caminosanjose4c.mx\/wp-content\/uploads\/2022\/02\/RTPlan2040-69-1025x1536.jpg 1025w, https:\/\/caminosanjose4c.mx\/wp-content\/uploads\/2022\/02\/RTPlan2040-69-1367x2048.jpg 1367w, https:\/\/caminosanjose4c.mx\/wp-content\/uploads\/2022\/02\/RTPlan2040-69-400x599.jpg 400w, https:\/\/caminosanjose4c.mx\/wp-content\/uploads\/2022\/02\/RTPlan2040-69-scaled.jpg 1709w\" sizes=\"(max-width: 600px) 100vw, 600px\" \/>\t\t\t\t\t\t\t\t\t\t\t\t\t<\/div>\n\t\t\t\t<\/div>\n\t\t\t\t<div class=\"elementor-element elementor-element-03f68fe elementor-widget elementor-widget-image\" data-id=\"03f68fe\" data-element_type=\"widget\" data-widget_type=\"image.default\">\n\t\t\t\t<div class=\"elementor-widget-container\">\n\t\t\t\t\t\t\t\t\t\t\t\t\t<img decoding=\"async\" width=\"600\" height=\"898\" src=\"https:\/\/caminosanjose4c.mx\/wp-content\/uploads\/2022\/02\/RTPlan2040-15-684x1024.jpg\" class=\"attachment-large size-large wp-image-5205\" alt=\"\" srcset=\"https:\/\/caminosanjose4c.mx\/wp-content\/uploads\/2022\/02\/RTPlan2040-15-684x1024.jpg 684w, https:\/\/caminosanjose4c.mx\/wp-content\/uploads\/2022\/02\/RTPlan2040-15-200x300.jpg 200w, https:\/\/caminosanjose4c.mx\/wp-content\/uploads\/2022\/02\/RTPlan2040-15-768x1151.jpg 768w, https:\/\/caminosanjose4c.mx\/wp-content\/uploads\/2022\/02\/RTPlan2040-15-1025x1536.jpg 1025w, https:\/\/caminosanjose4c.mx\/wp-content\/uploads\/2022\/02\/RTPlan2040-15-1367x2048.jpg 1367w, https:\/\/caminosanjose4c.mx\/wp-content\/uploads\/2022\/02\/RTPlan2040-15-400x599.jpg 400w, https:\/\/caminosanjose4c.mx\/wp-content\/uploads\/2022\/02\/RTPlan2040-15-scaled.jpg 1709w\" sizes=\"(max-width: 600px) 100vw, 600px\" \/>\t\t\t\t\t\t\t\t\t\t\t\t\t<\/div>\n\t\t\t\t<\/div>\n\t\t\t\t\t<\/div>\n\t\t<\/div>\n\t\t\t\t\t<\/div>\n\t\t<\/section>\n\t\t\t\t<section class=\"elementor-section elementor-top-section elementor-element elementor-element-2d0de24 elementor-section-boxed elementor-section-height-default elementor-section-height-default\" data-id=\"2d0de24\" data-element_type=\"section\">\n\t\t\t\t\t\t<div class=\"elementor-container elementor-column-gap-no\">\n\t\t\t\t\t<div class=\"elementor-column elementor-col-100 elementor-top-column elementor-element elementor-element-8ab077b\" data-id=\"8ab077b\" data-element_type=\"column\">\n\t\t\t<div class=\"elementor-widget-wrap\">\n\t\t\t\t\t\t\t<\/div>\n\t\t<\/div>\n\t\t\t\t\t<\/div>\n\t\t<\/section>\n\t\t\t\t<\/div>\n\t\t\n    <div class=\"xs_social_share_widget xs_share_url after_content \t\tmain_content  wslu-style-1 wslu-share-box-shaped wslu-fill-colored wslu-none wslu-share-horizontal wslu-theme-font-no wslu-main_content\">\n\n\t\t\n        <ul>\n\t\t\t        <\/ul>\n    <\/div>","protected":false},"excerpt":{"rendered":"<p>\u00bfQu\u00e9 buscamos? Con un perfil de servicio y misi\u00f3n, comprometidos con el proyecto. Con una mirada centrada en la persona. Con apertura de mente y coraz\u00f3n para ver la misi\u00f3n desde un \u201ctransformarNOS\u201d Personas con una urgencia interior por la transformaci\u00f3n del mundo desde los principios de la doctrina social cristiana: Dignidad humana, participaci\u00f3n, subsidiaridad, &hellip; <span class=\"more-link-wrap\"><a href=\"https:\/\/caminosanjose4c.mx\/en\/programa-voluntarios\" class=\"more-link\">Read More <span class=\"screen-reader-text\"> &#8220;Voluntario&#8221;<\/span><\/a><\/span><\/p>","protected":false},"author":1,"featured_media":0,"parent":0,"menu_order":0,"comment_status":"closed","ping_status":"closed","template":"page-elementor.php","meta":{"give_campaign_id":0,"inline_featured_image":false,"postBodyCss":"","postBodyMargin":[],"postBodyPadding":[],"postBodyBackground":{"backgroundType":"classic","gradient":""},"iawp_total_views":123,"footnotes":""},"class_list":["post-1402","page","type-page","status-publish","hentry"],"campaignId":"","_links":{"self":[{"href":"https:\/\/caminosanjose4c.mx\/en\/wp-json\/wp\/v2\/pages\/1402","targetHints":{"allow":["GET"]}}],"collection":[{"href":"https:\/\/caminosanjose4c.mx\/en\/wp-json\/wp\/v2\/pages"}],"about":[{"href":"https:\/\/caminosanjose4c.mx\/en\/wp-json\/wp\/v2\/types\/page"}],"author":[{"embeddable":true,"href":"https:\/\/caminosanjose4c.mx\/en\/wp-json\/wp\/v2\/users\/1"}],"replies":[{"embeddable":true,"href":"https:\/\/caminosanjose4c.mx\/en\/wp-json\/wp\/v2\/comments?post=1402"}],"version-history":[{"count":13,"href":"https:\/\/caminosanjose4c.mx\/en\/wp-json\/wp\/v2\/pages\/1402\/revisions"}],"predecessor-version":[{"id":6485,"href":"https:\/\/caminosanjose4c.mx\/en\/wp-json\/wp\/v2\/pages\/1402\/revisions\/6485"}],"wp:attachment":[{"href":"https:\/\/caminosanjose4c.mx\/en\/wp-json\/wp\/v2\/media?parent=1402"}],"curies":[{"name":"wp","href":"https:\/\/api.w.org\/{rel}","templated":true}]}}