{"id":4283,"date":"2020-02-11T04:12:40","date_gmt":"2020-02-11T04:12:40","guid":{"rendered":"http:\/\/source.wpopal.com\/fundor\/?page_id=4283"},"modified":"2022-03-24T00:25:58","modified_gmt":"2022-03-24T00:25:58","slug":"plan-2040","status":"publish","type":"page","link":"https:\/\/caminosanjose4c.mx\/en\/plan-2040","title":{"rendered":"Plan 2040"},"content":{"rendered":"\t\t<div data-elementor-type=\"wp-page\" data-elementor-id=\"4283\" class=\"elementor elementor-4283\">\n\t\t\t\t\t\t<section class=\"elementor-section elementor-top-section elementor-element elementor-element-5fb915b elementor-section-full_width elementor-section-height-min-height elementor-section-stretched elementor-hidden-tablet elementor-hidden-mobile elementor-section-height-default elementor-section-items-middle\" data-id=\"5fb915b\" data-element_type=\"section\" data-settings=\"{&quot;stretch_section&quot;:&quot;section-stretched&quot;,&quot;background_background&quot;:&quot;classic&quot;}\">\n\t\t\t\t\t\t<div class=\"elementor-container elementor-column-gap-default\">\n\t\t\t\t\t<div class=\"elementor-column elementor-col-100 elementor-top-column elementor-element elementor-element-53e7432\" data-id=\"53e7432\" data-element_type=\"column\">\n\t\t\t<div class=\"elementor-widget-wrap\">\n\t\t\t\t\t\t\t<\/div>\n\t\t<\/div>\n\t\t\t\t\t<\/div>\n\t\t<\/section>\n\t\t\t\t<section class=\"elementor-section elementor-top-section elementor-element elementor-element-2ca5a1a elementor-section-boxed elementor-section-height-default elementor-section-height-default\" data-id=\"2ca5a1a\" data-element_type=\"section\">\n\t\t\t\t\t\t<div class=\"elementor-container elementor-column-gap-no\">\n\t\t\t\t\t<div class=\"elementor-column elementor-col-100 elementor-top-column elementor-element elementor-element-e821c62\" data-id=\"e821c62\" data-element_type=\"column\">\n\t\t\t<div class=\"elementor-widget-wrap elementor-element-populated\">\n\t\t\t\t\t\t<div class=\"elementor-element elementor-element-d8d0de3 elementor-widget elementor-widget-image\" data-id=\"d8d0de3\" data-element_type=\"widget\" data-widget_type=\"image.default\">\n\t\t\t\t<div class=\"elementor-widget-container\">\n\t\t\t\t\t\t\t\t\t\t\t\t\t<img fetchpriority=\"high\" decoding=\"async\" width=\"600\" height=\"306\" src=\"https:\/\/caminosanjose4c.mx\/wp-content\/uploads\/2022\/02\/logo-oficial-outNO-slog-1024x522.png\" class=\"attachment-large size-large wp-image-5202\" alt=\"\" srcset=\"https:\/\/caminosanjose4c.mx\/wp-content\/uploads\/2022\/02\/logo-oficial-outNO-slog-1024x522.png 1024w, https:\/\/caminosanjose4c.mx\/wp-content\/uploads\/2022\/02\/logo-oficial-outNO-slog-300x153.png 300w, https:\/\/caminosanjose4c.mx\/wp-content\/uploads\/2022\/02\/logo-oficial-outNO-slog-768x391.png 768w, https:\/\/caminosanjose4c.mx\/wp-content\/uploads\/2022\/02\/logo-oficial-outNO-slog-1536x783.png 1536w, https:\/\/caminosanjose4c.mx\/wp-content\/uploads\/2022\/02\/logo-oficial-outNO-slog-2048x1043.png 2048w, https:\/\/caminosanjose4c.mx\/wp-content\/uploads\/2022\/02\/logo-oficial-outNO-slog-400x204.png 400w\" sizes=\"(max-width: 600px) 100vw, 600px\" \/>\t\t\t\t\t\t\t\t\t\t\t\t\t<\/div>\n\t\t\t\t<\/div>\n\t\t\t\t<div class=\"elementor-element elementor-element-16d4cee elementor-widget elementor-widget-text-editor\" data-id=\"16d4cee\" data-element_type=\"widget\" data-widget_type=\"text-editor.default\">\n\t\t\t\t<div class=\"elementor-widget-container\">\n\t\t\t        <div class=\"elementor-text-editor elementor-clearfix\"><p><span style=\"font-weight: 400;\">El Camino de San Jos\u00e9 se suma a los esfuerzos de una red de instituciones, organizaciones y empresas con sentido humano y responsabilidad social para la transformaci\u00f3n de Cuatro Ci\u00e9negas a trav\u00e9s del Plan 2040 que tiene como misi\u00f3n &#8220;transformarnos en una comunidad de personas plenamente realizadas con un enfoque en las nuevas generaciones&#8221;.<\/span><\/p><\/div>\n        \t\t<\/div>\n\t\t\t\t<\/div>\n\t\t\t\t<div class=\"elementor-element elementor-element-18be536 elementor-button-outline_primary elementor-mobile-align-center elementor-align-center elementor-widget elementor-widget-button\" data-id=\"18be536\" data-element_type=\"widget\" data-widget_type=\"button.default\">\n\t\t\t\t<div class=\"elementor-widget-container\">\n\t\t\t        <div class=\"elementor-button-wrapper\">\n            <a href=\"https:\/\/www.cuatrocienegas2040.org\/\" class=\"elementor-button-link elementor-button elementor-size-md\" role=\"button\">\n                        <span class=\"elementor-button-content-wrapper\">\n\t\t\t            <span class=\"elementor-button-text\">conoce m\u00e1s<\/span>\n\t\t<\/span>\n\n\n                <\/a>\n        <\/div>\n        \t\t<\/div>\n\t\t\t\t<\/div>\n\t\t\t\t\t<\/div>\n\t\t<\/div>\n\t\t\t\t\t<\/div>\n\t\t<\/section>\n\t\t\t\t<section class=\"elementor-section elementor-top-section elementor-element elementor-element-c683342 elementor-section-boxed elementor-section-height-default elementor-section-height-default\" data-id=\"c683342\" data-element_type=\"section\">\n\t\t\t\t\t\t<div class=\"elementor-container elementor-column-gap-default\">\n\t\t\t\t\t<div class=\"elementor-column elementor-col-100 elementor-top-column elementor-element elementor-element-2c29c17\" data-id=\"2c29c17\" data-element_type=\"column\">\n\t\t\t<div class=\"elementor-widget-wrap elementor-element-populated\">\n\t\t\t\t\t\t<div class=\"elementor-element elementor-element-b64d0b5 elementor-widget elementor-widget-opal-image-gallery\" data-id=\"b64d0b5\" data-element_type=\"widget\" data-widget_type=\"opal-image-gallery.default\">\n\t\t\t\t<div class=\"elementor-widget-container\">\n\t\t\t\n        <div class=\"elementor-opal-image-gallery\">\n            <div class=\"row grid isotope-grid gallery-visibility active-infinite-scroll\" data-elementor-columns=\"3\" data-elementor-columns-tablet=\"2\" data-elementor-columns-mobile=\"1\">\n                                            <div class=\"column-item gallery-item grid__item masonry-item __all gallery_group_0\">\n                                <a data-elementor-open-lightbox=\"no\"                                    href=\"https:\/\/caminosanjose4c.mx\/wp-content\/uploads\/2022\/02\/google-240-scaled.jpg\">\n                                    <img decoding=\"async\" src=\"https:\/\/caminosanjose4c.mx\/wp-content\/uploads\/2022\/02\/google-240-scaled.jpg\"\n                                         alt=\"google-240\"\/>\n                                    <div class=\"item-overlay\">\n                                        <i class=\"opal-icon-search-plus\"><\/i>\n                                    <\/div>\n                                <\/a>\n                            <\/div>\n                                                        <div class=\"column-item gallery-item grid__item masonry-item __all gallery_group_0\">\n                                <a data-elementor-open-lightbox=\"no\"                                    href=\"https:\/\/caminosanjose4c.mx\/wp-content\/uploads\/2022\/02\/google-295-scaled.jpg\">\n                                    <img decoding=\"async\" src=\"https:\/\/caminosanjose4c.mx\/wp-content\/uploads\/2022\/02\/google-295-scaled.jpg\"\n                                         alt=\"google-295\"\/>\n                                    <div class=\"item-overlay\">\n                                        <i class=\"opal-icon-search-plus\"><\/i>\n                                    <\/div>\n                                <\/a>\n                            <\/div>\n                                                        <div class=\"column-item gallery-item grid__item masonry-item __all gallery_group_0\">\n                                <a data-elementor-open-lightbox=\"no\"                                    href=\"https:\/\/caminosanjose4c.mx\/wp-content\/uploads\/2022\/02\/google-344-scaled.jpg\">\n                                    <img decoding=\"async\" src=\"https:\/\/caminosanjose4c.mx\/wp-content\/uploads\/2022\/02\/google-344-scaled.jpg\"\n                                         alt=\"google-344\"\/>\n                                    <div class=\"item-overlay\">\n                                        <i class=\"opal-icon-search-plus\"><\/i>\n                                    <\/div>\n                                <\/a>\n                            <\/div>\n                                                        <div class=\"column-item gallery-item grid__item masonry-item __all gallery_group_0\">\n                                <a data-elementor-open-lightbox=\"no\"                                    href=\"https:\/\/caminosanjose4c.mx\/wp-content\/uploads\/2022\/02\/google-391-scaled.jpg\">\n                                    <img decoding=\"async\" src=\"https:\/\/caminosanjose4c.mx\/wp-content\/uploads\/2022\/02\/google-391-scaled.jpg\"\n                                         alt=\"google-391\"\/>\n                                    <div class=\"item-overlay\">\n                                        <i class=\"opal-icon-search-plus\"><\/i>\n                                    <\/div>\n                                <\/a>\n                            <\/div>\n                                                        <div class=\"column-item gallery-item grid__item masonry-item __all gallery_group_0\">\n                                <a data-elementor-open-lightbox=\"no\"                                    href=\"https:\/\/caminosanjose4c.mx\/wp-content\/uploads\/2022\/02\/google-392-scaled.jpg\">\n                                    <img decoding=\"async\" src=\"https:\/\/caminosanjose4c.mx\/wp-content\/uploads\/2022\/02\/google-392-scaled.jpg\"\n                                         alt=\"google-392\"\/>\n                                    <div class=\"item-overlay\">\n                                        <i class=\"opal-icon-search-plus\"><\/i>\n                                    <\/div>\n                                <\/a>\n                            <\/div>\n                                                        <div class=\"column-item gallery-item grid__item masonry-item __all gallery_group_0\">\n                                <a data-elementor-open-lightbox=\"no\"                                    href=\"https:\/\/caminosanjose4c.mx\/wp-content\/uploads\/2022\/02\/google-403-scaled.jpg\">\n                                    <img decoding=\"async\" src=\"https:\/\/caminosanjose4c.mx\/wp-content\/uploads\/2022\/02\/google-403-scaled.jpg\"\n                                         alt=\"google-403\"\/>\n                                    <div class=\"item-overlay\">\n                                        <i class=\"opal-icon-search-plus\"><\/i>\n                                    <\/div>\n                                <\/a>\n                            <\/div>\n                                                        <div class=\"column-item gallery-item grid__item masonry-item __all gallery_group_0\">\n                                <a data-elementor-open-lightbox=\"no\"                                    href=\"https:\/\/caminosanjose4c.mx\/wp-content\/uploads\/2022\/02\/logo-oficial-outNO-slog.png\">\n                                    <img decoding=\"async\" src=\"https:\/\/caminosanjose4c.mx\/wp-content\/uploads\/2022\/02\/logo-oficial-outNO-slog.png\"\n                                         alt=\"logo oficial outNO slog\"\/>\n                                    <div class=\"item-overlay\">\n                                        <i class=\"opal-icon-search-plus\"><\/i>\n                                    <\/div>\n                                <\/a>\n                            <\/div>\n                                                        <div class=\"column-item gallery-item grid__item masonry-item __all gallery_group_0\">\n                                <a data-elementor-open-lightbox=\"no\"                                    href=\"https:\/\/caminosanjose4c.mx\/wp-content\/uploads\/2022\/02\/RTPlan2040-11-scaled.jpg\">\n                                    <img decoding=\"async\" src=\"https:\/\/caminosanjose4c.mx\/wp-content\/uploads\/2022\/02\/RTPlan2040-11-scaled.jpg\"\n                                         alt=\"RTPlan2040-11\"\/>\n                                    <div class=\"item-overlay\">\n                                        <i class=\"opal-icon-search-plus\"><\/i>\n                                    <\/div>\n                                <\/a>\n                            <\/div>\n                                                        <div class=\"column-item gallery-item grid__item masonry-item __all gallery_group_0\">\n                                <a data-elementor-open-lightbox=\"no\"                                    href=\"https:\/\/caminosanjose4c.mx\/wp-content\/uploads\/2022\/02\/RTPlan2040-15-scaled.jpg\">\n                                    <img decoding=\"async\" src=\"https:\/\/caminosanjose4c.mx\/wp-content\/uploads\/2022\/02\/RTPlan2040-15-scaled.jpg\"\n                                         alt=\"RTPlan2040-15\"\/>\n                                    <div class=\"item-overlay\">\n                                        <i class=\"opal-icon-search-plus\"><\/i>\n                                    <\/div>\n                                <\/a>\n                            <\/div>\n                                                        <div class=\"column-item gallery-item grid__item masonry-item __all gallery_group_0\">\n                                <a data-elementor-open-lightbox=\"no\"                                    href=\"https:\/\/caminosanjose4c.mx\/wp-content\/uploads\/2022\/02\/RTPlan2040-58-scaled.jpg\">\n                                    <img decoding=\"async\" src=\"https:\/\/caminosanjose4c.mx\/wp-content\/uploads\/2022\/02\/RTPlan2040-58-scaled.jpg\"\n                                         alt=\"RTPlan2040-58\"\/>\n                                    <div class=\"item-overlay\">\n                                        <i class=\"opal-icon-search-plus\"><\/i>\n                                    <\/div>\n                                <\/a>\n                            <\/div>\n                                        <\/div>\n        <\/div>\n                    <div class=\"gallery-item-load\" data-gallery=\"[[{&quot;id&quot;:5207,&quot;url&quot;:&quot;https:\\\/\\\/caminosanjose4c.mx\\\/wp-content\\\/uploads\\\/2022\\\/02\\\/RTPlan2040-68-scaled.jpg&quot;,&quot;thumbnail_url&quot;:&quot;https:\\\/\\\/caminosanjose4c.mx\\\/wp-content\\\/uploads\\\/2022\\\/02\\\/RTPlan2040-68-scaled.jpg&quot;,&quot;group&quot;:0},{&quot;id&quot;:5211,&quot;url&quot;:&quot;https:\\\/\\\/caminosanjose4c.mx\\\/wp-content\\\/uploads\\\/2022\\\/02\\\/RTPlan2040-69-scaled.jpg&quot;,&quot;thumbnail_url&quot;:&quot;https:\\\/\\\/caminosanjose4c.mx\\\/wp-content\\\/uploads\\\/2022\\\/02\\\/RTPlan2040-69-scaled.jpg&quot;,&quot;group&quot;:0},{&quot;id&quot;:5212,&quot;url&quot;:&quot;https:\\\/\\\/caminosanjose4c.mx\\\/wp-content\\\/uploads\\\/2022\\\/02\\\/RTPlan2040-72-scaled.jpg&quot;,&quot;thumbnail_url&quot;:&quot;https:\\\/\\\/caminosanjose4c.mx\\\/wp-content\\\/uploads\\\/2022\\\/02\\\/RTPlan2040-72-scaled.jpg&quot;,&quot;group&quot;:0}]]\"><\/div>\n            \t\t<\/div>\n\t\t\t\t<\/div>\n\t\t\t\t\t<\/div>\n\t\t<\/div>\n\t\t\t\t\t<\/div>\n\t\t<\/section>\n\t\t\t\t<\/div>\n\t\t\n    <div class=\"xs_social_share_widget xs_share_url after_content \t\tmain_content  wslu-style-1 wslu-share-box-shaped wslu-fill-colored wslu-none wslu-share-horizontal wslu-theme-font-no wslu-main_content\">\n\n\t\t\n        <ul>\n\t\t\t        <\/ul>\n    <\/div> \n","protected":false},"excerpt":{"rendered":"<p>El Camino de San Jos\u00e9 se suma a los esfuerzos de una red de instituciones, organizaciones y empresas con sentido humano y responsabilidad social para la transformaci\u00f3n de Cuatro Ci\u00e9negas a trav\u00e9s del Plan 2040 que tiene como misi\u00f3n &#8220;transformarnos en una comunidad de personas plenamente realizadas con un enfoque en las nuevas generaciones&#8221;. conoce &hellip; <span class=\"more-link-wrap\"><a href=\"https:\/\/caminosanjose4c.mx\/en\/plan-2040\" class=\"more-link\">Read More <span class=\"screen-reader-text\"> &#8220;El Plan 2040&#8221;<\/span><\/a><\/span><\/p>","protected":false},"author":1,"featured_media":0,"parent":0,"menu_order":0,"comment_status":"closed","ping_status":"closed","template":"page-elementor.php","meta":{"give_campaign_id":0,"inline_featured_image":false,"postBodyCss":"","postBodyMargin":[],"postBodyPadding":[],"postBodyBackground":{"backgroundType":"classic","gradient":""},"iawp_total_views":360,"footnotes":""},"class_list":["post-4283","page","type-page","status-publish","hentry"],"campaignId":"","_links":{"self":[{"href":"https:\/\/caminosanjose4c.mx\/en\/wp-json\/wp\/v2\/pages\/4283","targetHints":{"allow":["GET"]}}],"collection":[{"href":"https:\/\/caminosanjose4c.mx\/en\/wp-json\/wp\/v2\/pages"}],"about":[{"href":"https:\/\/caminosanjose4c.mx\/en\/wp-json\/wp\/v2\/types\/page"}],"author":[{"embeddable":true,"href":"https:\/\/caminosanjose4c.mx\/en\/wp-json\/wp\/v2\/users\/1"}],"replies":[{"embeddable":true,"href":"https:\/\/caminosanjose4c.mx\/en\/wp-json\/wp\/v2\/comments?post=4283"}],"version-history":[{"count":16,"href":"https:\/\/caminosanjose4c.mx\/en\/wp-json\/wp\/v2\/pages\/4283\/revisions"}],"predecessor-version":[{"id":6848,"href":"https:\/\/caminosanjose4c.mx\/en\/wp-json\/wp\/v2\/pages\/4283\/revisions\/6848"}],"wp:attachment":[{"href":"https:\/\/caminosanjose4c.mx\/en\/wp-json\/wp\/v2\/media?parent=4283"}],"curies":[{"name":"wp","href":"https:\/\/api.w.org\/{rel}","templated":true}]}}